{"id":16138,"date":"2023-11-10T11:34:50","date_gmt":"2023-11-10T16:34:50","guid":{"rendered":"https:\/\/www.missingchildrensnetwork.ngo\/?page_id=16138"},"modified":"2024-03-05T13:42:15","modified_gmt":"2024-03-05T18:42:15","slug":"prevention-et-education-2","status":"publish","type":"page","link":"https:\/\/missingchildrensnetwork.ngo\/fr\/services-programmes\/prevention-et-education-2\/","title":{"rendered":"Pr\u00e9vention"},"content":{"rendered":"<p>[et_pb_section fb_built=\u00a0\u00bb1&Prime; fullwidth=\u00a0\u00bbon\u00a0\u00bb _builder_version=\u00a0\u00bb3.22&Prime;][et_pb_fullwidth_image src=\u00a0\u00bbhttps:\/\/www.reseauenfantsretour.ong\/wp-content\/uploads\/2023\/11\/Untitled-design-20.png\u00a0\u00bb title_text=\u00a0\u00bbUntitled design (20)\u00a0\u00bb _builder_version=\u00a0\u00bb4.8.1&Prime; animation_style=\u00a0\u00bbfade\u00a0\u00bb animation_duration=\u00a0\u00bb500ms\u00a0\u00bb animation=\u00a0\u00bbfade_in\u00a0\u00bb use_border_color=\u00a0\u00bboff\u00a0\u00bb border_color=\u00a0\u00bb#ffffff\u00a0\u00bb border_style=\u00a0\u00bbsolid\u00a0\u00bb][\/et_pb_fullwidth_image][\/et_pb_section][et_pb_section fb_built=\u00a0\u00bb1&Prime; specialty=\u00a0\u00bbon\u00a0\u00bb _builder_version=\u00a0\u00bb3.22&Prime;][et_pb_column type=\u00a0\u00bb3_4&Prime; specialty_columns=\u00a0\u00bb3&Prime; _builder_version=\u00a0\u00bb3.25&Prime; custom_padding=\u00a0\u00bb|||\u00a0\u00bb custom_padding__hover=\u00a0\u00bb|||\u00a0\u00bb][et_pb_row_inner admin_label=\u00a0\u00bbRow\u00a0\u00bb _builder_version=\u00a0\u00bb3.25&Prime;][et_pb_column_inner saved_specialty_column_type=\u00a0\u00bb3_4&Prime; _builder_version=\u00a0\u00bb3.25&Prime; custom_padding=\u00a0\u00bb|||\u00a0\u00bb custom_padding__hover=\u00a0\u00bb|||\u00a0\u00bb][et_pb_text _builder_version=\u00a0\u00bb4.8.1&Prime; use_border_color=\u00a0\u00bboff\u00a0\u00bb]<\/p>\n<h1><span style=\"font-size: 33px;\">Pr\u00e9vention : Agir ensemble pour prot\u00e9ger nos enfants<\/span><\/h1>\n<div class=\"et_pb_module et_pb_text et_pb_text_2  et_pb_text_align_left et_pb_bg_layout_light\">\n<div class=\"et_pb_text_inner\"><\/div>\n<\/div>\n<p>[\/et_pb_text][et_pb_text _builder_version=\u00a0\u00bb4.8.1&Prime; custom_padding=\u00a0\u00bb||1px|||\u00a0\u00bb use_border_color=\u00a0\u00bboff\u00a0\u00bb]<\/p>\n<h2>Pourquoi la pr\u00e9vention?<\/h2>\n<p>Au R\u00e9seau Enfants-Retour, nous croyons fermement que la pr\u00e9vention est l\u2019approche la plus efficace pour r\u00e9duire de mani\u00e8re significative les risques d\u2019enl\u00e8vement, d\u2019agression ou d\u2019exploitation des enfants.a pr\u00e9vention est au c\u0153ur de notre engagement envers la s\u00e9curit\u00e9 des enfants.&nbsp;<span>C&rsquo;est pourquoi nous concentrons nos efforts sur des ateliers \u00e9ducatifs sp\u00e9cifiquement con\u00e7us pour aider les jeunes \u00e0 renforcer leur confiance en eux et \u00e0 d\u00e9velopper des comp\u00e9tences essentielles pour r\u00e9sister aux pressions externes. <\/span><\/p>\n<p><span>Nous offrons \u00e9galement des s\u00e9minaires et formations aux professionnels travaillant avec des enfants, ainsi qu&rsquo;aux familles, pour les informer et les \u00e9quiper de moyens concrets de pr\u00e9vention.<\/span><\/p>\n<div class=\"et_pb_module et_pb_text et_pb_text_2  et_pb_text_align_left et_pb_bg_layout_light\">\n<div class=\"et_pb_text_inner\"><\/div>\n<\/div>\n<p>[\/et_pb_text][et_pb_text _builder_version=\u00a0\u00bb4.8.1&Prime; use_border_color=\u00a0\u00bboff\u00a0\u00bb]<\/p>\n<h2>Nos objectifs<\/h2>\n<h3>1. Sensibiliser les jeunes:<\/h3>\n<p class=\"p2\">Adoptant une approche ouverte et engageante avec les jeunes, notre \u00e9quipe de pr\u00e9vention traite de l\u2019estime de soi, des limites personnelles, des relations saines et des st\u00e9r\u00e9otypes de genre.<span class=\"Apple-converted-space\">&nbsp;<\/span><\/p>\n<p class=\"p2\">\u00c0 l\u2019aide d\u2019exercices diversifi\u00e9s (mises en situation, vid\u00e9os et r\u00e9flexions\u2026) les ateliers permettent aux jeunes de d\u00e9velopper leur confiance en soi et leur sentiment d\u2019efficacit\u00e9 pour r\u00e9sister aux pressions externes. Nos ateliers interactifs ont une dur\u00e9e de 60 minutes et peuvent \u00eatre r\u00e9alis\u00e9s en pr\u00e9sentiel ou en visio-conf\u00e9rence et fran\u00e7ais ou en anglais.<span class=\"Apple-converted-space\">&nbsp;<\/span><\/p>\n<h3>2. Sensibiliser les familles et les professionnels:<\/h3>\n<p class=\"p2\">Nos s\u00e9minaires mettent l\u2019emphase sur l\u2019information et non sur la peur. Ils ont pour but d\u2019aider les parents et les professionnels \u00e0 en apprendre davantage sur les moyens d\u2019assurer la s\u00e9curit\u00e9 des enfants et sur les fa\u00e7ons de pr\u00e9venir les enl\u00e8vements et l\u2019exploitation sexuelle.<span class=\"Apple-converted-space\">&nbsp;<\/span><\/p>\n<p class=\"p2\">Remplis d\u2019activit\u00e9s interactives, ils mettent l\u2019accent sur l\u2019importance d\u2019aider les jeunes \u00e0 d\u00e9velopper de solides habitudes de s\u00e9curit\u00e9, Nous vous proposons des fa\u00e7ons efficaces d\u2019aborder les questions de s\u00e9curit\u00e9 personnelle, sans toutefois faire na\u00eetre une peur qui serait inutile.<span class=\"Apple-converted-space\">&nbsp;<\/span><\/p>\n<div class=\"et_pb_module et_pb_text et_pb_text_2  et_pb_text_align_left et_pb_bg_layout_light\">\n<div class=\"et_pb_text_inner\"><\/div>\n<\/div>\n<p>[\/et_pb_text][et_pb_text _builder_version=\u00a0\u00bb4.8.1&Prime; use_border_color=\u00a0\u00bboff\u00a0\u00bb]<\/p>\n<h2>Les ateliers<\/h2>\n<p>Nos ateliers sur la pr\u00e9vention sont con\u00e7us sp\u00e9cifiquement pour r\u00e9pondre aux besoins des \u00e9l\u00e8ves et couvrent un \u00e9ventail de sujets, y compris faire confiance \u00e0 son instinct, cr\u00e9er des profils s\u00fbrs et l\u2019importance de b\u00e2tir des relations saines et un rapport \u00e9galitaire.<\/p>\n<p>Le R\u00e9seau Enfants-Retour offre les ateliers suivants \u00e0 longueur d\u2019ann\u00e9e:<\/p>\n<h3><strong>Pour les jeunes:<\/strong><\/h3>\n<ul>\n<li><a href=\"https:\/\/www.reseauenfantsretour.ong\/services-programmes\/aimer\/\">Aimer<\/a><\/li>\n<li>La s\u00e9curit\u00e9, c\u2019est mon affaire!<\/li>\n<li>En s\u00e9curit\u00e9 dans le monde r\u00e9el et virtuel!<\/li>\n<\/ul>\n<h3>Pour les parents:<\/h3>\n<div class=\"et_pb_module et_pb_text et_pb_text_1  et_pb_text_align_left et_pb_bg_layout_light\">\n<div class=\"et_pb_text_inner\">\n<ul>\n<li>Ensemble pour la pr\u00e9vention<\/li>\n<li>Se prot\u00e9ger en ligne et dans la vraie vie<\/li>\n<li>Quand le kidnappeur est un parent<\/li>\n<li>Fugues d\u2019adolescents : signes avant-coureurs, pr\u00e9vention et mesures \u00e0 prendre<\/li>\n<li>L\u2019exploitation sexuelle chez les jeunes<\/li>\n<\/ul>\n<h3>Pour les professionnels:<\/h3>\n<ol>\n<li>Quand le kidnappeur est un parent<\/li>\n<li>Ali\u00e9nation parentale<\/li>\n<li>Pr\u00e9vention des fugues et de l\u2019exploitation sexuelle chez les jeunes<\/li>\n<li>Comment pr\u00e9venir l\u2019abus sexuel des enfants dans les organisations jeunesse<\/li>\n<\/ol>\n<p>&nbsp;<span style=\"font-size: 15px;\">Pour en savoir plus, veuillez communiquer avec notre \u00e9quipe pr\u00e9vention par courriel :<\/span><a href=\"mailto:coordonnateur@reseauenfantsretour.ong\" style=\"font-size: 15px;\">&nbsp;coordonnateur@reseauenfantsretour.ong<\/a><span style=\"font-size: 15px;\">&nbsp;<\/span><\/p>\n<\/div>\n<\/div>\n<p>[\/et_pb_text][\/et_pb_column_inner][\/et_pb_row_inner][et_pb_row_inner column_structure=\u00a0\u00bb1_2,1_2&Prime; _builder_version=\u00a0\u00bb4.8.1&Prime; _module_preset=\u00a0\u00bbdefault\u00a0\u00bb custom_padding=\u00a0\u00bb0px|||||\u00a0\u00bb][et_pb_column_inner type=\u00a0\u00bb1_2&Prime; saved_specialty_column_type=\u00a0\u00bb3_4&Prime; _builder_version=\u00a0\u00bb4.8.1&Prime; _module_preset=\u00a0\u00bbdefault\u00a0\u00bb][et_pb_button button_url=\u00a0\u00bbhttps:\/\/www.missingchildrensnetwork.ngo\/wp-content\/uploads\/2024\/03\/BROCHURE-Ateliers-de-pre\u0301vention-FR-final.pdf\u00a0\u00bb button_text=\u00a0\u00bbT\u00e9l\u00e9charger la brochure des ateliers pour les jeunes\u00a0\u00bb button_alignment=\u00a0\u00bbcenter\u00a0\u00bb _builder_version=\u00a0\u00bb4.8.1&Prime; _module_preset=\u00a0\u00bbdefault\u00a0\u00bb background_layout=\u00a0\u00bbdark\u00a0\u00bb hover_enabled=\u00a0\u00bb0&Prime; sticky_enabled=\u00a0\u00bb0&Prime;][\/et_pb_button][\/et_pb_column_inner][et_pb_column_inner type=\u00a0\u00bb1_2&Prime; saved_specialty_column_type=\u00a0\u00bb3_4&Prime; _builder_version=\u00a0\u00bb4.8.1&Prime; _module_preset=\u00a0\u00bbdefault\u00a0\u00bb][et_pb_button button_url=\u00a0\u00bbhttps:\/\/www.missingchildrensnetwork.ngo\/wp-content\/uploads\/2024\/03\/BROCHURE-Se\u0301minaires-pour-les-parents-et-les-professionnels-FR-final.pdf\u00a0\u00bb button_text=\u00a0\u00bbT\u00e9l\u00e9charger la brochure des ateliers pour les parents et les professionnels\u00a0\u00bb button_alignment=\u00a0\u00bbcenter\u00a0\u00bb _builder_version=\u00a0\u00bb4.8.1&Prime; _module_preset=\u00a0\u00bbdefault\u00a0\u00bb background_layout=\u00a0\u00bbdark\u00a0\u00bb hover_enabled=\u00a0\u00bb0&Prime; sticky_enabled=\u00a0\u00bb0&Prime;][\/et_pb_button][\/et_pb_column_inner][\/et_pb_row_inner][et_pb_row_inner _builder_version=\u00a0\u00bb4.8.1&Prime; _module_preset=\u00a0\u00bbdefault\u00a0\u00bb][et_pb_column_inner saved_specialty_column_type=\u00a0\u00bb3_4&Prime; _builder_version=\u00a0\u00bb4.8.1&Prime; _module_preset=\u00a0\u00bbdefault\u00a0\u00bb][et_pb_testimonial author=\u00a0\u00bbIsabelle Lucier, Directrice adjointe \u00c9cole Katimavik-H\u00e9bert, CSMB\u00a0\u00bb portrait_url=\u00a0\u00bbhttps:\/\/www.reseauenfantsretour.ong\/wp-content\/uploads\/2023\/11\/cropped-logoRond_katimavik_Officiel_couleur.webp\u00a0\u00bb admin_label=\u00a0\u00bbT\u00e9moignage\u00a0\u00bb _builder_version=\u00a0\u00bb4.8.1&Prime; background_color=\u00a0\u00bb#f0be6c\u00a0\u00bb background_size=\u00a0\u00bbinitial\u00a0\u00bb background_position=\u00a0\u00bbtop_left\u00a0\u00bb background_repeat=\u00a0\u00bbrepeat\u00a0\u00bb use_border_color=\u00a0\u00bboff\u00a0\u00bb border_color=\u00a0\u00bb#ffffff\u00a0\u00bb border_style=\u00a0\u00bbsolid\u00a0\u00bb]Parce que nous sommes convaincus qu\u2019il est tout aussi important d\u2019apprendre aux enfants \u00e0 se prot\u00e9ger que de leur enseigner \u00e0 lire, \u00e9crire et compter, l\u2019\u00e9quipe de Katimavik-H\u00e9bert a fait appel au R\u00e9seau Enfants-Retour \u00e0 l\u2019automne 2017.<\/p>\n<p>C\u2019est avec enthousiasme que nous recommandons cet organisme pour tous les jeunes afin de d\u00e9velopper leur confiance en eux et en leur instinct, mais aussi \u00e0 apprendre \u00e0 \u00eatre seul \u00e0 la maison, \u00eatre alerte sur Internet.<\/p>\n<p>L\u2019\u00e9quipe d\u2019intervenants est dynamique et a su capter l\u2019attention de tous nos \u00e9l\u00e8ves et de tous les adultes pr\u00e9sents.[\/et_pb_testimonial][\/et_pb_column_inner][\/et_pb_row_inner][\/et_pb_column][et_pb_column type=\u00a0\u00bb1_4&Prime; _builder_version=\u00a0\u00bb3.25&Prime; custom_padding=\u00a0\u00bb|||\u00a0\u00bb custom_padding__hover=\u00a0\u00bb|||\u00a0\u00bb][et_pb_code disabled_on=\u00a0\u00bbon|off|off\u00a0\u00bb admin_label=\u00a0\u00bbFB Feed FRENCH\u00a0\u00bb _builder_version=\u00a0\u00bb4.0.11&Prime; global_module=\u00a0\u00bb10686&Prime; saved_tabs=\u00a0\u00bball\u00a0\u00bb]<script src=\"https:\/\/apps.elfsight.com\/p\/platform.js\" defer><\/script><!-- [et_pb_line_break_holder] --><\/p>\n<div class=\"elfsight-app-3b9293e6-9306-4a69-9dbf-3b6ffa108fb3\"><\/div>\n<p>[\/et_pb_code][et_pb_signup mailchimp_list=\u00a0\u00bbMissing Childrens Network|e809bc70ee\u00a0\u00bb title=\u00a0\u00bbAbonnez-vous \u00e0 notre infolettre\u00a0\u00bb button_text=\u00a0\u00bbS&rsquo;inscrire\u00a0\u00bb disabled_on=\u00a0\u00bbon|on|on\u00a0\u00bb admin_label=\u00a0\u00bbEmail optin &#8211; FR\u00a0\u00bb _builder_version=\u00a0\u00bb3.19.7&Prime; header_font_size=\u00a0\u00bb23&Prime; custom_button=\u00a0\u00bbon\u00a0\u00bb button_bg_color=\u00a0\u00bb#e8920c\u00a0\u00bb button_border_color=\u00a0\u00bb#e8920c\u00a0\u00bb button_use_icon=\u00a0\u00bboff\u00a0\u00bb use_border_color=\u00a0\u00bboff\u00a0\u00bb border_color=\u00a0\u00bb#ffffff\u00a0\u00bb border_width=\u00a0\u00bb1px\u00a0\u00bb border_style=\u00a0\u00bbsolid\u00a0\u00bb button_text_color_hover=\u00a0\u00bb#ffffff\u00a0\u00bb button_border_color_hover=\u00a0\u00bb#ba740a\u00a0\u00bb button_letter_spacing_hover=\u00a0\u00bb0&Prime; button_bg_color_hover=\u00a0\u00bb#ba740a\u00a0\u00bb disabled=\u00a0\u00bbon\u00a0\u00bb global_module=\u00a0\u00bb423&Prime; saved_tabs=\u00a0\u00bball\u00a0\u00bb button_text_size__hover_enabled=\u00a0\u00bboff\u00a0\u00bb button_one_text_size__hover_enabled=\u00a0\u00bboff\u00a0\u00bb button_two_text_size__hover_enabled=\u00a0\u00bboff\u00a0\u00bb button_text_color__hover_enabled=\u00a0\u00bboff\u00a0\u00bb button_one_text_color__hover_enabled=\u00a0\u00bboff\u00a0\u00bb button_two_text_color__hover_enabled=\u00a0\u00bboff\u00a0\u00bb button_border_width__hover_enabled=\u00a0\u00bboff\u00a0\u00bb button_one_border_width__hover_enabled=\u00a0\u00bboff\u00a0\u00bb button_two_border_width__hover_enabled=\u00a0\u00bboff\u00a0\u00bb button_border_color__hover_enabled=\u00a0\u00bboff\u00a0\u00bb button_one_border_color__hover_enabled=\u00a0\u00bboff\u00a0\u00bb button_two_border_color__hover_enabled=\u00a0\u00bboff\u00a0\u00bb button_border_radius__hover_enabled=\u00a0\u00bboff\u00a0\u00bb button_one_border_radius__hover_enabled=\u00a0\u00bboff\u00a0\u00bb button_two_border_radius__hover_enabled=\u00a0\u00bboff\u00a0\u00bb button_letter_spacing__hover_enabled=\u00a0\u00bbon\u00a0\u00bb button_letter_spacing__hover=\u00a0\u00bb0&Prime; button_one_letter_spacing__hover_enabled=\u00a0\u00bboff\u00a0\u00bb button_two_letter_spacing__hover_enabled=\u00a0\u00bboff\u00a0\u00bb button_bg_color__hover_enabled=\u00a0\u00bboff\u00a0\u00bb button_one_bg_color__hover_enabled=\u00a0\u00bboff\u00a0\u00bb button_two_bg_color__hover_enabled=\u00a0\u00bboff\u00a0\u00bb][\/et_pb_signup][et_pb_code _builder_version=\u00a0\u00bb4.0.11&Prime; global_module=\u00a0\u00bb11133&Prime; saved_tabs=\u00a0\u00bball\u00a0\u00bb locked=\u00a0\u00bboff\u00a0\u00bb]<div class='mailmunch-forms-short-code mailmunch-forms-widget-971675' style='display: none !important;'><\/div><!-- [et_pb_line_break_holder] -->[\/et_pb_code][\/et_pb_column][\/et_pb_section]<\/p>\n","protected":false},"excerpt":{"rendered":"<p>[et_pb_section fb_built=\u00a0\u00bb1&Prime; fullwidth=\u00a0\u00bbon\u00a0\u00bb _builder_version=\u00a0\u00bb3.22&Prime;][et_pb_fullwidth_image src=\u00a0\u00bbhttps:\/\/www.reseauenfantsretour.ong\/wp-content\/uploads\/2023\/11\/Untitled-design-20.png\u00a0\u00bb title_text=\u00a0\u00bbUntitled design (20)\u00a0\u00bb _builder_version=\u00a0\u00bb4.8.1&Prime; animation_style=\u00a0\u00bbfade\u00a0\u00bb animation_duration=\u00a0\u00bb500ms\u00a0\u00bb animation=\u00a0\u00bbfade_in\u00a0\u00bb use_border_color=\u00a0\u00bboff\u00a0\u00bb border_color=\u00a0\u00bb#ffffff\u00a0\u00bb border_style=\u00a0\u00bbsolid\u00a0\u00bb][\/et_pb_fullwidth_image][\/et_pb_section][et_pb_section fb_built=\u00a0\u00bb1&Prime; specialty=\u00a0\u00bbon\u00a0\u00bb _builder_version=\u00a0\u00bb3.22&Prime;][et_pb_column type=\u00a0\u00bb3_4&Prime; specialty_columns=\u00a0\u00bb3&Prime; _builder_version=\u00a0\u00bb3.25&Prime; custom_padding=\u00a0\u00bb|||\u00a0\u00bb custom_padding__hover=\u00a0\u00bb|||\u00a0\u00bb][et_pb_row_inner admin_label=\u00a0\u00bbRow\u00a0\u00bb _builder_version=\u00a0\u00bb3.25&Prime;][et_pb_column_inner saved_specialty_column_type=\u00a0\u00bb3_4&Prime; _builder_version=\u00a0\u00bb3.25&Prime; custom_padding=\u00a0\u00bb|||\u00a0\u00bb custom_padding__hover=\u00a0\u00bb|||\u00a0\u00bb][et_pb_text _builder_version=\u00a0\u00bb4.8.1&Prime; use_border_color=\u00a0\u00bboff\u00a0\u00bb] Pr\u00e9vention : Agir ensemble pour prot\u00e9ger nos enfants [\/et_pb_text][et_pb_text _builder_version=\u00a0\u00bb4.8.1&Prime; custom_padding=\u00a0\u00bb||1px|||\u00a0\u00bb use_border_color=\u00a0\u00bboff\u00a0\u00bb] Pourquoi la pr\u00e9vention? Au R\u00e9seau Enfants-Retour, nous croyons fermement que la pr\u00e9vention [&hellip;]<\/p>\n","protected":false},"author":1,"featured_media":0,"parent":212,"menu_order":2,"comment_status":"closed","ping_status":"closed","template":"","meta":{"_et_pb_use_builder":"on","_et_pb_old_content":"","_et_gb_content_width":"","footnotes":""},"class_list":["post-16138","page","type-page","status-publish","hentry"],"_links":{"self":[{"href":"https:\/\/missingchildrensnetwork.ngo\/fr\/wp-json\/wp\/v2\/pages\/16138","targetHints":{"allow":["GET"]}}],"collection":[{"href":"https:\/\/missingchildrensnetwork.ngo\/fr\/wp-json\/wp\/v2\/pages"}],"about":[{"href":"https:\/\/missingchildrensnetwork.ngo\/fr\/wp-json\/wp\/v2\/types\/page"}],"author":[{"embeddable":true,"href":"https:\/\/missingchildrensnetwork.ngo\/fr\/wp-json\/wp\/v2\/users\/1"}],"replies":[{"embeddable":true,"href":"https:\/\/missingchildrensnetwork.ngo\/fr\/wp-json\/wp\/v2\/comments?post=16138"}],"version-history":[{"count":4,"href":"https:\/\/missingchildrensnetwork.ngo\/fr\/wp-json\/wp\/v2\/pages\/16138\/revisions"}],"predecessor-version":[{"id":16700,"href":"https:\/\/missingchildrensnetwork.ngo\/fr\/wp-json\/wp\/v2\/pages\/16138\/revisions\/16700"}],"up":[{"embeddable":true,"href":"https:\/\/missingchildrensnetwork.ngo\/fr\/wp-json\/wp\/v2\/pages\/212"}],"wp:attachment":[{"href":"https:\/\/missingchildrensnetwork.ngo\/fr\/wp-json\/wp\/v2\/media?parent=16138"}],"curies":[{"name":"wp","href":"https:\/\/api.w.org\/{rel}","templated":true}]}}