{"id":16200,"date":"2023-11-10T14:54:22","date_gmt":"2023-11-10T19:54:22","guid":{"rendered":"https:\/\/www.missingchildrensnetwork.ngo\/?page_id=16200"},"modified":"2024-07-09T08:43:14","modified_gmt":"2024-07-09T12:43:14","slug":"outils-3","status":"publish","type":"page","link":"https:\/\/missingchildrensnetwork.ngo\/fr\/ressources\/outils-3\/","title":{"rendered":"Outils les jeunes: Connect\u00e9 en toute s\u00e9curit\u00e9"},"content":{"rendered":"<p>[et_pb_section fb_built=\u00a0\u00bb1&Prime; fullwidth=\u00a0\u00bbon\u00a0\u00bb _builder_version=\u00a0\u00bb4.8.1&Prime; _module_preset=\u00a0\u00bbdefault\u00a0\u00bb][et_pb_fullwidth_header title=\u00a0\u00bbConnect\u00e9 en toute s\u00e9curit\u00e9: les outils\u00a0\u00bb _builder_version=\u00a0\u00bb4.8.1&Prime; _module_preset=\u00a0\u00bbdefault\u00a0\u00bb content_text_color=\u00a0\u00bb#000000&Prime; subhead_text_color=\u00a0\u00bb#000000&Prime; background_image=\u00a0\u00bbhttps:\/\/www.reseauenfantsretour.ong\/wp-content\/uploads\/2023\/11\/paige-cody-FHFfHWWzbCc-unsplash-1.jpeg\u00a0\u00bb custom_padding=\u00a0\u00bb94px||79px|||\u00a0\u00bb][\/et_pb_fullwidth_header][\/et_pb_section][et_pb_section fb_built=\u00a0\u00bb1&Prime; _builder_version=\u00a0\u00bb4.8.1&Prime; _module_preset=\u00a0\u00bbdefault\u00a0\u00bb][et_pb_row column_structure=\u00a0\u00bb1_2,1_2&Prime; _builder_version=\u00a0\u00bb4.8.1&Prime; _module_preset=\u00a0\u00bbdefault\u00a0\u00bb min_height=\u00a0\u00bb192.5px\u00a0\u00bb custom_margin=\u00a0\u00bb-32px|auto|-47px|auto||\u00a0\u00bb custom_padding=\u00a0\u00bb80px||0px|||\u00a0\u00bb][et_pb_column type=\u00a0\u00bb1_2&Prime; _builder_version=\u00a0\u00bb4.8.1&Prime; _module_preset=\u00a0\u00bbdefault\u00a0\u00bb][et_pb_text _builder_version=\u00a0\u00bb4.8.1&Prime; _module_preset=\u00a0\u00bbdefault\u00a0\u00bb]<\/p>\n<h2 style=\"text-align: center;\">Pr\u00e9venir, pour un Internet plus s\u00fbr!<\/h2>\n<p>[\/et_pb_text][\/et_pb_column][et_pb_column type=\u00a0\u00bb1_2&Prime; _builder_version=\u00a0\u00bb4.8.1&Prime; _module_preset=\u00a0\u00bbdefault\u00a0\u00bb][et_pb_text _builder_version=\u00a0\u00bb4.8.1&Prime; _module_preset=\u00a0\u00bbdefault\u00a0\u00bb]<\/p>\n<h2 style=\"text-align: center;\">Mettre ses comptes en priv\u00e9, pour un Internet plus s\u00fbr!<\/h2>\n<p>&nbsp;[\/et_pb_text][\/et_pb_column][\/et_pb_row][\/et_pb_section][et_pb_section fb_built=\u00a0\u00bb1&Prime; admin_label=\u00a0\u00bbsection\u00a0\u00bb _builder_version=\u00a0\u00bb3.22&Prime; custom_margin=\u00a0\u00bb-30px|||||\u00a0\u00bb][et_pb_row column_structure=\u00a0\u00bb1_2,1_2&Prime; _builder_version=\u00a0\u00bb4.8.1&Prime; _module_preset=\u00a0\u00bbdefault\u00a0\u00bb min_height=\u00a0\u00bb645.1px\u00a0\u00bb custom_margin=\u00a0\u00bb-33px|auto||auto||\u00a0\u00bb custom_padding=\u00a0\u00bb2px|||||\u00a0\u00bb][et_pb_column type=\u00a0\u00bb1_2&Prime; _builder_version=\u00a0\u00bb4.8.1&Prime; _module_preset=\u00a0\u00bbdefault\u00a0\u00bb][et_pb_image src=\u00a0\u00bbhttps:\/\/www.missingchildrensnetwork.ngo\/wp-content\/uploads\/2024\/07\/OUTILS-Connecte\u0301-en-toute-se\u0301curite\u0301-FR-SB-ND.jpg\u00a0\u00bb title_text=\u00a0\u00bbOUTILS &#8211; Connecte\u0301 en toute se\u0301curite\u0301- FR SB ND\u00a0\u00bb _builder_version=\u00a0\u00bb4.8.1&Prime; _module_preset=\u00a0\u00bbdefault\u00a0\u00bb hover_enabled=\u00a0\u00bb0&Prime; box_shadow_style=\u00a0\u00bbpreset2&Prime; sticky_enabled=\u00a0\u00bb0&Prime;][\/et_pb_image][\/et_pb_column][et_pb_column type=\u00a0\u00bb1_2&Prime; _builder_version=\u00a0\u00bb4.8.1&Prime; _module_preset=\u00a0\u00bbdefault\u00a0\u00bb][et_pb_image src=\u00a0\u00bbhttps:\/\/www.reseauenfantsretour.ong\/wp-content\/uploads\/2023\/11\/Mettre-compte-prive\u0301-fr.png\u00a0\u00bb title_text=\u00a0\u00bbMettre compte prive\u0301 fr\u00a0\u00bb _builder_version=\u00a0\u00bb4.8.1&Prime; _module_preset=\u00a0\u00bbdefault\u00a0\u00bb box_shadow_style=\u00a0\u00bbpreset2&Prime;][\/et_pb_image][\/et_pb_column][\/et_pb_row][et_pb_row column_structure=\u00a0\u00bb1_2,1_2&Prime; _builder_version=\u00a0\u00bb4.8.1&Prime; _module_preset=\u00a0\u00bbdefault\u00a0\u00bb][et_pb_column type=\u00a0\u00bb1_2&Prime; _builder_version=\u00a0\u00bb4.8.1&Prime; _module_preset=\u00a0\u00bbdefault\u00a0\u00bb][et_pb_button button_url=\u00a0\u00bbhttps:\/\/www.reseauenfantsretour.ong\/wp-content\/uploads\/2023\/11\/connecte\u0301-en-toute-se\u0301curite\u0301.png\u00a0\u00bb button_text=\u00a0\u00bbT\u00e9l\u00e9charger\u00a0\u00bb button_alignment=\u00a0\u00bbcenter\u00a0\u00bb _builder_version=\u00a0\u00bb4.8.1&Prime; _module_preset=\u00a0\u00bbdefault\u00a0\u00bb background_layout=\u00a0\u00bbdark\u00a0\u00bb][\/et_pb_button][\/et_pb_column][et_pb_column type=\u00a0\u00bb1_2&Prime; _builder_version=\u00a0\u00bb4.8.1&Prime; _module_preset=\u00a0\u00bbdefault\u00a0\u00bb][et_pb_button button_url=\u00a0\u00bbhttps:\/\/www.reseauenfantsretour.ong\/wp-content\/uploads\/2023\/11\/Mettre-compte-prive\u0301-fr.png\u00a0\u00bb button_text=\u00a0\u00bbt\u00e9l\u00e9charger\u00a0\u00bb button_alignment=\u00a0\u00bbcenter\u00a0\u00bb _builder_version=\u00a0\u00bb4.8.1&Prime; _module_preset=\u00a0\u00bbdefault\u00a0\u00bb background_layout=\u00a0\u00bbdark\u00a0\u00bb][\/et_pb_button][\/et_pb_column][\/et_pb_row][\/et_pb_section]<\/p>\n","protected":false},"excerpt":{"rendered":"<p>[et_pb_section fb_built=\u00a0\u00bb1&Prime; fullwidth=\u00a0\u00bbon\u00a0\u00bb _builder_version=\u00a0\u00bb4.8.1&Prime; _module_preset=\u00a0\u00bbdefault\u00a0\u00bb][et_pb_fullwidth_header title=\u00a0\u00bbConnect\u00e9 en toute s\u00e9curit\u00e9: les outils\u00a0\u00bb _builder_version=\u00a0\u00bb4.8.1&Prime; _module_preset=\u00a0\u00bbdefault\u00a0\u00bb content_text_color=\u00a0\u00bb#000000&Prime; subhead_text_color=\u00a0\u00bb#000000&Prime; background_image=\u00a0\u00bbhttps:\/\/www.reseauenfantsretour.ong\/wp-content\/uploads\/2023\/11\/paige-cody-FHFfHWWzbCc-unsplash-1.jpeg\u00a0\u00bb custom_padding=\u00a0\u00bb94px||79px|||\u00a0\u00bb][\/et_pb_fullwidth_header][\/et_pb_section][et_pb_section fb_built=\u00a0\u00bb1&Prime; _builder_version=\u00a0\u00bb4.8.1&Prime; _module_preset=\u00a0\u00bbdefault\u00a0\u00bb][et_pb_row column_structure=\u00a0\u00bb1_2,1_2&Prime; _builder_version=\u00a0\u00bb4.8.1&Prime; _module_preset=\u00a0\u00bbdefault\u00a0\u00bb min_height=\u00a0\u00bb192.5px\u00a0\u00bb custom_margin=\u00a0\u00bb-32px|auto|-47px|auto||\u00a0\u00bb custom_padding=\u00a0\u00bb80px||0px|||\u00a0\u00bb][et_pb_column type=\u00a0\u00bb1_2&Prime; _builder_version=\u00a0\u00bb4.8.1&Prime; _module_preset=\u00a0\u00bbdefault\u00a0\u00bb][et_pb_text _builder_version=\u00a0\u00bb4.8.1&Prime; _module_preset=\u00a0\u00bbdefault\u00a0\u00bb] Pr\u00e9venir, pour un Internet plus s\u00fbr! [\/et_pb_text][\/et_pb_column][et_pb_column type=\u00a0\u00bb1_2&Prime; _builder_version=\u00a0\u00bb4.8.1&Prime; _module_preset=\u00a0\u00bbdefault\u00a0\u00bb][et_pb_text _builder_version=\u00a0\u00bb4.8.1&Prime; _module_preset=\u00a0\u00bbdefault\u00a0\u00bb] Mettre ses comptes en priv\u00e9, pour un Internet plus s\u00fbr! &nbsp;[\/et_pb_text][\/et_pb_column][\/et_pb_row][\/et_pb_section][et_pb_section fb_built=\u00a0\u00bb1&Prime; [&hellip;]<\/p>\n","protected":false},"author":20,"featured_media":15332,"parent":222,"menu_order":2,"comment_status":"closed","ping_status":"closed","template":"","meta":{"_et_pb_use_builder":"on","_et_pb_old_content":"","_et_gb_content_width":"","footnotes":""},"class_list":["post-16200","page","type-page","status-publish","has-post-thumbnail","hentry"],"_links":{"self":[{"href":"https:\/\/missingchildrensnetwork.ngo\/fr\/wp-json\/wp\/v2\/pages\/16200","targetHints":{"allow":["GET"]}}],"collection":[{"href":"https:\/\/missingchildrensnetwork.ngo\/fr\/wp-json\/wp\/v2\/pages"}],"about":[{"href":"https:\/\/missingchildrensnetwork.ngo\/fr\/wp-json\/wp\/v2\/types\/page"}],"author":[{"embeddable":true,"href":"https:\/\/missingchildrensnetwork.ngo\/fr\/wp-json\/wp\/v2\/users\/20"}],"replies":[{"embeddable":true,"href":"https:\/\/missingchildrensnetwork.ngo\/fr\/wp-json\/wp\/v2\/comments?post=16200"}],"version-history":[{"count":4,"href":"https:\/\/missingchildrensnetwork.ngo\/fr\/wp-json\/wp\/v2\/pages\/16200\/revisions"}],"predecessor-version":[{"id":17397,"href":"https:\/\/missingchildrensnetwork.ngo\/fr\/wp-json\/wp\/v2\/pages\/16200\/revisions\/17397"}],"up":[{"embeddable":true,"href":"https:\/\/missingchildrensnetwork.ngo\/fr\/wp-json\/wp\/v2\/pages\/222"}],"wp:featuredmedia":[{"embeddable":true,"href":"https:\/\/missingchildrensnetwork.ngo\/fr\/wp-json\/wp\/v2\/media\/15332"}],"wp:attachment":[{"href":"https:\/\/missingchildrensnetwork.ngo\/fr\/wp-json\/wp\/v2\/media?parent=16200"}],"curies":[{"name":"wp","href":"https:\/\/api.w.org\/{rel}","templated":true}]}}