{"id":247,"date":"2016-03-31T16:32:03","date_gmt":"2016-03-31T20:32:03","guid":{"rendered":"http:\/\/aaa.phil-dev.ca\/?page_id=247"},"modified":"2025-06-11T13:15:07","modified_gmt":"2025-06-11T17:15:07","slug":"programmes-de-dons","status":"publish","type":"page","link":"https:\/\/missingchildrensnetwork.ngo\/fr\/impliquez-vous\/programmes-de-dons\/","title":{"rendered":"Programmes de  dons"},"content":{"rendered":"<p>[et_pb_section fb_built=\u00a0\u00bb1&Prime; fullwidth=\u00a0\u00bbon\u00a0\u00bb admin_label=\u00a0\u00bbSection\u00a0\u00bb _builder_version=\u00a0\u00bb3.22&Prime;][et_pb_fullwidth_image src=\u00a0\u00bbhttp:\/\/reseauenfantsretour.ong\/wp-content\/uploads\/2016\/03\/h-get-involved.jpg\u00a0\u00bb admin_label=\u00a0\u00bbFullwidth Image\u00a0\u00bb _builder_version=\u00a0\u00bb3.0.87&Prime; animation_style=\u00a0\u00bbfade\u00a0\u00bb animation_duration=\u00a0\u00bb500ms\u00a0\u00bb animation=\u00a0\u00bbfade_in\u00a0\u00bb use_border_color=\u00a0\u00bboff\u00a0\u00bb border_color=\u00a0\u00bb#ffffff\u00a0\u00bb border_style=\u00a0\u00bbsolid\u00a0\u00bb] [\/et_pb_fullwidth_image][\/et_pb_section][et_pb_section fb_built=\u00a0\u00bb1&Prime; specialty=\u00a0\u00bbon\u00a0\u00bb admin_label=\u00a0\u00bbSection\u00a0\u00bb _builder_version=\u00a0\u00bb3.22&Prime;][et_pb_column type=\u00a0\u00bb3_4&Prime; specialty_columns=\u00a0\u00bb3&Prime; _builder_version=\u00a0\u00bb3.25&Prime; custom_padding=\u00a0\u00bb|||\u00a0\u00bb custom_padding__hover=\u00a0\u00bb|||\u00a0\u00bb][et_pb_row_inner admin_label=\u00a0\u00bbRow\u00a0\u00bb _builder_version=\u00a0\u00bb3.25&Prime;][et_pb_column_inner saved_specialty_column_type=\u00a0\u00bb3_4&Prime; _builder_version=\u00a0\u00bb3.25&Prime; custom_padding=\u00a0\u00bb|||\u00a0\u00bb custom_padding__hover=\u00a0\u00bb|||\u00a0\u00bb][et_pb_text admin_label=\u00a0\u00bbText\u00a0\u00bb _builder_version=\u00a0\u00bb4.0.11&Prime; background_size=\u00a0\u00bbinitial\u00a0\u00bb background_position=\u00a0\u00bbtop_left\u00a0\u00bb background_repeat=\u00a0\u00bbrepeat\u00a0\u00bb use_border_color=\u00a0\u00bboff\u00a0\u00bb border_color=\u00a0\u00bb#ffffff\u00a0\u00bb border_style=\u00a0\u00bbsolid\u00a0\u00bb]<\/p>\n<h1>Programmes de dons<\/h1>\n<p>Votre soutien financier permet au R\u00e9seau Enfants-Retour d\u2019offrir des services de qualit\u00e9 aux familles et aux professionnels partout au Qu\u00e9bec. Le R\u00e9seau Enfants-Retour compte sur la g\u00e9n\u00e9rosit\u00e9 de la population, d\u2019entreprises et de fondations pour poursuivre sa mission et ramener les enfants port\u00e9s disparus \u00e0 la maison.<\/p>\n<p>Tous les dons sont trait\u00e9s de mani\u00e8re confidentielle et la liste des donateurs n\u2019est pas vendue ou \u00e9chang\u00e9e avec d\u2019autres organismes ou associations.<\/p>\n<p><a href=\"https:\/\/interland3.donorperfect.net\/weblink\/weblink.aspx?name=E910090QF&amp;id=4\">Faire un don<\/a><\/p>\n<h2>Cercle des h\u00e9ros &#8211; programme de dons mensuels<\/h2>\n<p>Adh\u00e9rez au programme de dons mensuels en effectuant, sur une base r\u00e9guli\u00e8re, un don mensuel \u00e0 R\u00e9seau Enfants-Retour \u00e0 l\u2019aide de votre carte de cr\u00e9dit.<\/p>\n<h2>Programme de dons En m\u00e9moire<\/h2>\n<p>Il est bon de se rappeler le doux souvenir de parents et d\u2019amis qui nous ont quitt\u00e9s. Un don comm\u00e9moratif \u00e0 R\u00e9seau Enfants-Retour constitue non seulement une manifestation toute sp\u00e9ciale de votre attachement pour cet \u00eatre cher, mais il aide \u00e9galement R\u00e9seau Enfants-Retour \u00e0 ramener des enfants port\u00e9s disparus \u00e0 leur foyer.<\/p>\n<p>Tous les dons sont suivis d\u2019une carte de reconnaissance adress\u00e9e au plus proche parent du d\u00e9funt ainsi qu\u2019au donateur. Veuillez noter qu\u2019un re\u00e7u fiscal vous sera \u00e9mis et que le montant de votre don restera confidentiel.<\/p>\n<h2>Dons \u00ab\u00a0En votre honneur\u00a0\u00bb<\/h2>\n<p>Le programme de dons \u00abEn votre honneur\u00bb du R\u00e9seau Enfants-Retour repr\u00e9sente une opportunit\u00e9 de souligner une occasion sp\u00e9ciale telle une f\u00eate, un anniversaire de mariage ou la naissance d\u2019un enfant. Il peut \u00e9galement \u00eatre d\u00e9di\u00e9 \u00e0 un membre de la famille ou un ami ou manifester tout simplement votre affection envers quelqu\u2019un de sp\u00e9cial dans votre vie.<\/p>\n<p>Chaque don sera suivi d\u2019une carte de reconnaissance adress\u00e9e \u00e0 la personne \u00e0 qui le don est d\u00e9di\u00e9 ainsi qu\u2019au donateur. Veuillez noter qu\u2019un re\u00e7u fiscal vous sera \u00e9mis et que le montant de votre don restera confidentiel.<\/p>\n<h2>Dons planifi\u00e9s<\/h2>\n<p>L\u2019appui g\u00e9n\u00e9reux de nos amis et supporters joue un r\u00f4le important dans la poursuite des programmes d\u2019assistance aux familles.\u00a0 Vous pouvez d\u00e8s maintenant offrir un avenir meilleur et plus s\u00fbr pour nos enfants.<\/p>\n<p>Il existe diff\u00e9rents types de legs testamentaires.\u00a0Voici quelques options:<\/p>\n<ul>\n<li>Dons de valeurs mobili\u00e8res (actions, obligations d\u2019\u00e9pargnes, etc.)<\/li>\n<li>Dons d\u2019assurance-vie (dons de police, dons de prestation de d\u00e9c\u00e8s, etc.)<\/li>\n<li>Legs<\/li>\n<\/ul>\n<p>Il serait judicieux de demander \u00e0 votre conseiller juridique ou financier de vous assister dans le choix de l\u2019option qui vous conviendra.<\/p>\n<p>Vous pouvez \u00e9galement nous contacter au\u00a0514 843-4333 ou\u00a0<a href=\"mailto:comptabilite@reseauenfantsretour.ong\">comptabilite@reseauenfantsretour.ong<\/a>.<\/p>\n<h2>Dons d\u2019employ\u00e9s et programme de jumelage corporatif<\/h2>\n<p>Renseignez-vous d\u00e8s maintenant sur le programme de don de votre employeur! Si vous entreprise dispose d\u2019un programme de dons d\u2019employ\u00e9s, vous pourriez d\u00e9signer R\u00e9seau Enfants-Retour comme r\u00e9cipiendaire de votre d\u00e9duction \u00e0 la source.<\/p>\n<p>Plusieurs entreprises ont mis en place un programme de jumelage des dons de charit\u00e9 effectu\u00e9s par leurs employ\u00e9s. Assurez-vous que votre lieu de travail appuie pleinement notre cause humanitaire. Vous pouvez faire une diff\u00e9rence dans la vie d\u2019un enfant disparu!<\/p>\n<p>[\/et_pb_text][\/et_pb_column_inner][\/et_pb_row_inner][\/et_pb_column][et_pb_column type=\u00a0\u00bb1_4&Prime; _builder_version=\u00a0\u00bb3.25&Prime; custom_padding=\u00a0\u00bb|||\u00a0\u00bb custom_padding__hover=\u00a0\u00bb|||\u00a0\u00bb][et_pb_code admin_label=\u00a0\u00bbFB Feed FRENCH\u00a0\u00bb _builder_version=\u00a0\u00bb4.0.11&Prime; global_module=\u00a0\u00bb10686&Prime; saved_tabs=\u00a0\u00bball\u00a0\u00bb]<script src=\"https:\/\/apps.elfsight.com\/p\/platform.js\" defer=\"\"><\/script><!-- [et_pb_line_break_holder] --><\/p>\n<div class=\"elfsight-app-3b9293e6-9306-4a69-9dbf-3b6ffa108fb3\"><\/div>\n<p>[\/et_pb_code][et_pb_signup mailchimp_list=\u00a0\u00bbMissing Childrens Network|e809bc70ee\u00a0\u00bb title=\u00a0\u00bbAbonnez-vous \u00e0 notre infolettre\u00a0\u00bb button_text=\u00a0\u00bbS&rsquo;inscrire\u00a0\u00bb description=\u00a0\u00bb \u00a0\u00bb admin_label=\u00a0\u00bbEmail optin &#8211; FR\u00a0\u00bb _builder_version=\u00a0\u00bb3.19.7&Prime; header_font_size=\u00a0\u00bb23&Prime; custom_button=\u00a0\u00bbon\u00a0\u00bb button_bg_color=\u00a0\u00bb#e8920c\u00a0\u00bb button_border_color=\u00a0\u00bb#e8920c\u00a0\u00bb button_use_icon=\u00a0\u00bboff\u00a0\u00bb use_border_color=\u00a0\u00bboff\u00a0\u00bb border_color=\u00a0\u00bb#ffffff\u00a0\u00bb border_width=\u00a0\u00bb1px\u00a0\u00bb border_style=\u00a0\u00bbsolid\u00a0\u00bb button_text_color_hover=\u00a0\u00bb#ffffff\u00a0\u00bb button_border_color_hover=\u00a0\u00bb#ba740a\u00a0\u00bb button_letter_spacing_hover=\u00a0\u00bb0&Prime; button_bg_color_hover=\u00a0\u00bb#ba740a\u00a0\u00bb global_module=\u00a0\u00bb423&Prime; saved_tabs=\u00a0\u00bball\u00a0\u00bb button_text_size__hover_enabled=\u00a0\u00bboff\u00a0\u00bb button_one_text_size__hover_enabled=\u00a0\u00bboff\u00a0\u00bb button_two_text_size__hover_enabled=\u00a0\u00bboff\u00a0\u00bb button_text_color__hover_enabled=\u00a0\u00bboff\u00a0\u00bb button_one_text_color__hover_enabled=\u00a0\u00bboff\u00a0\u00bb button_two_text_color__hover_enabled=\u00a0\u00bboff\u00a0\u00bb button_border_width__hover_enabled=\u00a0\u00bboff\u00a0\u00bb button_one_border_width__hover_enabled=\u00a0\u00bboff\u00a0\u00bb button_two_border_width__hover_enabled=\u00a0\u00bboff\u00a0\u00bb button_border_color__hover_enabled=\u00a0\u00bboff\u00a0\u00bb button_one_border_color__hover_enabled=\u00a0\u00bboff\u00a0\u00bb button_two_border_color__hover_enabled=\u00a0\u00bboff\u00a0\u00bb button_border_radius__hover_enabled=\u00a0\u00bboff\u00a0\u00bb button_one_border_radius__hover_enabled=\u00a0\u00bboff\u00a0\u00bb button_two_border_radius__hover_enabled=\u00a0\u00bboff\u00a0\u00bb button_letter_spacing__hover_enabled=\u00a0\u00bbon\u00a0\u00bb button_letter_spacing__hover=\u00a0\u00bb0&Prime; button_one_letter_spacing__hover_enabled=\u00a0\u00bboff\u00a0\u00bb button_two_letter_spacing__hover_enabled=\u00a0\u00bboff\u00a0\u00bb button_bg_color__hover_enabled=\u00a0\u00bboff\u00a0\u00bb button_one_bg_color__hover_enabled=\u00a0\u00bboff\u00a0\u00bb button_two_bg_color__hover_enabled=\u00a0\u00bboff\u00a0\u00bb disabled_on=\u00a0\u00bbon|on|on\u00a0\u00bb disabled=\u00a0\u00bbon\u00a0\u00bb][\/et_pb_signup][et_pb_code _builder_version=\u00a0\u00bb4.0.11&Prime; global_module=\u00a0\u00bb11133&Prime; saved_tabs=\u00a0\u00bball\u00a0\u00bb locked=\u00a0\u00bboff\u00a0\u00bb]<div class='mailmunch-forms-short-code mailmunch-forms-widget-971675' style='display: none !important;'><\/div><!-- [et_pb_line_break_holder] -->[\/et_pb_code][et_pb_testimonial author=\u00a0\u00bbSylvain Pag\u00e9\u00a0\u00bb job_title=\u00a0\u00bbD\u00e9put\u00e9 de Labelle\u00a0\u00bb company_name=\u00a0\u00bbAssembl\u00e9e nationale du Qu\u00e9bec\u00a0\u00bb admin_label=\u00a0\u00bbTestimonial\u00a0\u00bb _builder_version=\u00a0\u00bb3.2&Prime; background_color=\u00a0\u00bb#f0be6c\u00a0\u00bb background_size=\u00a0\u00bbinitial\u00a0\u00bb background_position=\u00a0\u00bbtop_left\u00a0\u00bb background_repeat=\u00a0\u00bbrepeat\u00a0\u00bb use_border_color=\u00a0\u00bboff\u00a0\u00bb border_color=\u00a0\u00bb#ffffff\u00a0\u00bb border_style=\u00a0\u00bbsolid\u00a0\u00bb]Votre d\u00e9vouement au service de la collectivit\u00e9 m\u00e9rite d&rsquo;\u00eatre appuy\u00e9 car il contribue de fa\u00e7on \u00e9loquente \u00e0 l&rsquo;avancement de notre communaut\u00e9 et m\u00eame, \u00e0 humaniser notre soci\u00e9t\u00e9.<br \/>\n[\/et_pb_testimonial][\/et_pb_column][\/et_pb_section]<\/p>\n","protected":false},"excerpt":{"rendered":"<p>[et_pb_section fb_built=\u00a0\u00bb1&Prime; fullwidth=\u00a0\u00bbon\u00a0\u00bb admin_label=\u00a0\u00bbSection\u00a0\u00bb _builder_version=\u00a0\u00bb3.22&Prime;][et_pb_fullwidth_image src=\u00a0\u00bbhttp:\/\/reseauenfantsretour.ong\/wp-content\/uploads\/2016\/03\/h-get-involved.jpg\u00a0\u00bb admin_label=\u00a0\u00bbFullwidth Image\u00a0\u00bb _builder_version=\u00a0\u00bb3.0.87&Prime; animation_style=\u00a0\u00bbfade\u00a0\u00bb animation_duration=\u00a0\u00bb500ms\u00a0\u00bb animation=\u00a0\u00bbfade_in\u00a0\u00bb use_border_color=\u00a0\u00bboff\u00a0\u00bb border_color=\u00a0\u00bb#ffffff\u00a0\u00bb border_style=\u00a0\u00bbsolid\u00a0\u00bb] [\/et_pb_fullwidth_image][\/et_pb_section][et_pb_section fb_built=\u00a0\u00bb1&Prime; specialty=\u00a0\u00bbon\u00a0\u00bb admin_label=\u00a0\u00bbSection\u00a0\u00bb _builder_version=\u00a0\u00bb3.22&Prime;][et_pb_column type=\u00a0\u00bb3_4&Prime; specialty_columns=\u00a0\u00bb3&Prime; _builder_version=\u00a0\u00bb3.25&Prime; custom_padding=\u00a0\u00bb|||\u00a0\u00bb custom_padding__hover=\u00a0\u00bb|||\u00a0\u00bb][et_pb_row_inner admin_label=\u00a0\u00bbRow\u00a0\u00bb _builder_version=\u00a0\u00bb3.25&Prime;][et_pb_column_inner saved_specialty_column_type=\u00a0\u00bb3_4&Prime; _builder_version=\u00a0\u00bb3.25&Prime; custom_padding=\u00a0\u00bb|||\u00a0\u00bb custom_padding__hover=\u00a0\u00bb|||\u00a0\u00bb][et_pb_text admin_label=\u00a0\u00bbText\u00a0\u00bb _builder_version=\u00a0\u00bb4.0.11&Prime; background_size=\u00a0\u00bbinitial\u00a0\u00bb background_position=\u00a0\u00bbtop_left\u00a0\u00bb background_repeat=\u00a0\u00bbrepeat\u00a0\u00bb use_border_color=\u00a0\u00bboff\u00a0\u00bb border_color=\u00a0\u00bb#ffffff\u00a0\u00bb border_style=\u00a0\u00bbsolid\u00a0\u00bb] Programmes de dons Votre soutien financier permet au R\u00e9seau Enfants-Retour d\u2019offrir des services de qualit\u00e9 aux [&hellip;]<\/p>\n","protected":false},"author":1,"featured_media":0,"parent":239,"menu_order":3,"comment_status":"closed","ping_status":"closed","template":"","meta":{"_et_pb_use_builder":"on","_et_pb_old_content":"","_et_gb_content_width":"","footnotes":""},"class_list":["post-247","page","type-page","status-publish","hentry"],"_links":{"self":[{"href":"https:\/\/missingchildrensnetwork.ngo\/fr\/wp-json\/wp\/v2\/pages\/247","targetHints":{"allow":["GET"]}}],"collection":[{"href":"https:\/\/missingchildrensnetwork.ngo\/fr\/wp-json\/wp\/v2\/pages"}],"about":[{"href":"https:\/\/missingchildrensnetwork.ngo\/fr\/wp-json\/wp\/v2\/types\/page"}],"author":[{"embeddable":true,"href":"https:\/\/missingchildrensnetwork.ngo\/fr\/wp-json\/wp\/v2\/users\/1"}],"replies":[{"embeddable":true,"href":"https:\/\/missingchildrensnetwork.ngo\/fr\/wp-json\/wp\/v2\/comments?post=247"}],"version-history":[{"count":7,"href":"https:\/\/missingchildrensnetwork.ngo\/fr\/wp-json\/wp\/v2\/pages\/247\/revisions"}],"predecessor-version":[{"id":18970,"href":"https:\/\/missingchildrensnetwork.ngo\/fr\/wp-json\/wp\/v2\/pages\/247\/revisions\/18970"}],"up":[{"embeddable":true,"href":"https:\/\/missingchildrensnetwork.ngo\/fr\/wp-json\/wp\/v2\/pages\/239"}],"wp:attachment":[{"href":"https:\/\/missingchildrensnetwork.ngo\/fr\/wp-json\/wp\/v2\/media?parent=247"}],"curies":[{"name":"wp","href":"https:\/\/api.w.org\/{rel}","templated":true}]}}